{"id":453,"date":"2026-01-08T16:39:08","date_gmt":"2026-01-08T15:39:08","guid":{"rendered":"https:\/\/www.elmerkat.cat\/avis-legal\/"},"modified":"2026-01-14T11:55:34","modified_gmt":"2026-01-14T10:55:34","slug":"aviso-legal","status":"publish","type":"page","link":"https:\/\/www.elmerkat.cat\/es\/aviso-legal\/","title":{"rendered":"Aviso legal"},"content":{"rendered":"\t\t<div data-elementor-type=\"wp-page\" data-elementor-id=\"453\" class=\"elementor elementor-453 elementor-16\" data-elementor-post-type=\"page\">\n\t\t\t\t<div class=\"elementor-element elementor-element-60a9216 e-flex e-con-boxed e-con e-parent\" data-id=\"60a9216\" data-element_type=\"container\">\n\t\t\t\t\t<div class=\"e-con-inner\">\n\t\t\t\t<div class=\"elementor-element elementor-element-4626d7f elementor-widget elementor-widget-spacer\" data-id=\"4626d7f\" data-element_type=\"widget\" data-widget_type=\"spacer.default\">\n\t\t\t\t\t\t\t<div class=\"elementor-spacer\">\n\t\t\t<div class=\"elementor-spacer-inner\"><\/div>\n\t\t<\/div>\n\t\t\t\t\t\t<\/div>\n\t\t\t\t<div class=\"elementor-element elementor-element-acb0ed7 elementor-widget elementor-widget-heading\" data-id=\"acb0ed7\" data-element_type=\"widget\" data-widget_type=\"heading.default\">\n\t\t\t\t\t<h2 class=\"elementor-heading-title elementor-size-default\">Aviso Legal<\/h2>\t\t\t\t<\/div>\n\t\t\t\t<div class=\"elementor-element elementor-element-46d311c elementor-widget elementor-widget-text-editor\" data-id=\"46d311c\" data-element_type=\"widget\" data-widget_type=\"text-editor.default\">\n\t\t\t\t\t\t\t\t\t<h2>T\u00e9rminos y condiciones de uso<\/h2><h3>Introducci\u00f3n<\/h3><p>Gracias por elegir <a href=\"http:\/\/www.elmerkat.cat\" target=\"_blank\" rel=\"noopener\">www.elmerkat.cat<\/a>. Mediante el acceso a este sitio web ya las direcciones URL derivadas de <a href=\"http:\/\/www.elmerkat.cat\">www.elmerkat.cat<\/a> (en adelante los \u00absitios web\u00bb), otorgue un contrato vinculante con nuestra entidad; su contrato con nosotros incluye su aceptaci\u00f3n de estos \u00abT\u00e9rminos y condiciones de uso\u00bb y de nuestra \u00abPol\u00edtica de privacidad\u00bb. Si no est\u00e1 de acuerdo con cualquiera de los t\u00e9rminos, le invitamos a abandonar estos sitios web.<\/p><p>Los sitios web son titularidad de NARUEMON PRATHUMTHONG, cuya raz\u00f3n social es <a href=\"http:\/\/www.elmerkat.cat\" target=\"_blank\" rel=\"noopener\">www.elmerkat.cat<\/a>, con sede en Passatge Gu\u00e0rdia, 7 (Cal Traneta), 25716, G\u00f3sol, L\u00e9rida, con N.I.F n\u00fam. Y7744324P, con el n\u00fam. de tel\u00e9fono <a href=\"tel:+34686916248\" target=\"_blank\" rel=\"noopener\">686 91 62 48<\/a> y con la direcci\u00f3n de correo electr\u00f3nico <a href=\"mailto:puigtorra@hotmail.com\" target=\"_blank\" rel=\"noopener\">puigtorra@hotmail.com<\/a>.<\/p><p>Es obligaci\u00f3n del usuario leer estas condiciones de uso de los sitios web, que se consideran vigentes y por tanto aplicables. Recomendamos a los usuarios que impriman y guarden una copia de los presentes \u00abT\u00e9rminos y condiciones de uso\u00bb para tenerlos a disposici\u00f3n, si bien esta informaci\u00f3n est\u00e1 disponible en todo momento en www.elmerkat.cat. Todas las condiciones pueden ser almacenadas y reproducidas por los usuarios mediante cualquier herramienta de los procesadores de texto convencionales existentes en el mercado.<\/p><p><strong>Para poder navegar por los sitios web, el usuario debe:<\/strong><\/p><ul><li>Tener 18 o m\u00e1s a\u00f1os, o tener 16 y contar con el consentimiento paterno o de su tutor en estos t\u00e9rminos.<\/li><li>Tener capacidad para otorgar un contrato vinculante con NARUEMON PRATHUMTHONG y que ninguna ley aplicable lo proh\u00edba.<\/li><li>Garantizar que toda informaci\u00f3n que proporcione a NARUEMON PRATHUMTHONG sea veraz, precisa y completa, y aceptar que as\u00ed sea en todo momento.<\/li><\/ul><h3>Objeto<\/h3><p>Los presentes t\u00e9rminos y condiciones de uso son objeto de la regulaci\u00f3n de la navegaci\u00f3n, acceso y uso de los sitios web y de su informaci\u00f3n (browsing, es decir, echar un vistazo a un espacio con el prop\u00f3sito de reconocer objetos) ; esta conducta f\u00e1ctica comporta la aceptaci\u00f3n jur\u00eddica autom\u00e1tica y sin modificaci\u00f3n alguna de los t\u00e9rminos, condiciones y advertencias aqu\u00ed recogidos. Las conductas descritas confieren la condici\u00f3n de usuario sin necesidad de firma convencional por parte del usuario, en lo que se refiere a los t\u00e9rminos aqu\u00ed establecidos, sin perjuicio de la aplicaci\u00f3n de las correspondientes normativas de obligado cumplimiento. NARUEMON PRATHUMTHONG advierte al usuario que si est\u00e1 en desacuerdo con los t\u00e9rminos presentes en este documento deber\u00e1 abstenerse de acceder a los sitios web y abandonar de inmediato esta p\u00e1gina.<\/p><p>NARUEMON PRATHUMTHONG declara que sus sitios web proporcionan una gran diversidad de informaci\u00f3n, servicios y datos. El usuario lo reconoce y se declara como persona f\u00edsica o jur\u00eddica que asume su responsabilidad en los usos y pr\u00e1cticas que realice en los sitios web de NARUEMON PRATHUMTHONG.<\/p><h3>Directrices del usuario<\/h3><p>NARUEMON PRATHUMTHONG ha establecido una serie de normas b\u00e1sicas para que el usuario pueda seguirlas cuando acceda a sus sitios web, as\u00ed como cuando contrate sus servicios.<\/p><h3>Directrices de acceso a los sitios web:<\/h3><ul><li>Para acceder a los sitios web, el usuario debe tener acceso a la red Internet abonando las tarifas pertinentes y disponiendo del equipo\/dispositivo y los sistemas electr\u00f3nicos necesarios para realizar la conexi\u00f3n: un terminal que sea adecuado para ello (ordenador , tel\u00e9fono m\u00f3vil, tableta t\u00e1ctil, etc.) y un m\u00f3dem u otro dispositivo de acceso an\u00e1logo o similar.<\/li><li>El correcto acceso y uso a determinados contenidos y servicios de los sitios Web puede implicar la descarga de determinados programas de ordenador u otros elementos l\u00f3gicos en los dispositivos inform\u00e1ticos del usuario. El usuario es el \u00fanico responsable de la instalaci\u00f3n de estos elementos, y NARUEMON PRATHUMTHONG est\u00e1 exenta de cualquier tipo de responsabilidad que pudiera derivarse de ellos.<\/li><\/ul><h3>Directrices de utilizaci\u00f3n de los sitios web por parte del usuario:<\/h3><ul><li>El usuario se compromete a respetar las condiciones de los sitios web y utilizar los servicios y contenidos que \u00e9stos puedan ofrecer de conformidad con la ley, la moral, las buenas costumbres y el orden p\u00fablico, es decir, a respetar los contenidos expresados en este texto sin causar da\u00f1os en NARUEMON PRATHUMTHONG ni a terceros y en no proceder en ning\u00fan caso a examinar o ejercitar ning\u00fan tipo de control sobre estas p\u00e1ginas.<\/li><li>El usuario se abstendr\u00e1 de realizar acciones que da\u00f1en, interrumpan o generen errores en los sistemas de NARUEMON PRATHUMTHONG, as\u00ed como de introducir programas, virus, Macros, applets, controles ActiveX u otros dispositivos l\u00f3gicos o secuencias de caracteres que sean susceptibles de causar cualquier tipo de alteraci\u00f3n en sistemas inform\u00e1ticos.<\/li><li>NARUEMON PRATHUMTHONG se reserva el derecho de denegar o retirar, en cualquier momento y sin necesidad de previo aviso, el acceso a sus sitios web o servicios a aquellos usuarios que incumplan los t\u00e9rminos y condiciones de uso.<\/li><\/ul><h3>Limitaci\u00f3n de responsabilidad de NARUEMON PRATHUMTHONG en el uso de los sitios web:<\/h3><p>NARUEMON PRATHUMTHONG realiza todos los esfuerzos necesarios para presentar la informaci\u00f3n contenida en los sitios web de forma veraz y sin errores tipogr\u00e1ficos. En caso de que en alg\u00fan momento se encontrara alg\u00fan error de este tipo, ajeno en todo momento a la voluntad de NARUEMON PRATHUMTHONG, se proceder\u00eda a su enmienda en la mayor brevedad posible.<\/p><p>NARUEMON PRATHUMTHONG no ser\u00e1 responsable ante el usuario en cuanto a:<\/p><ul><li>La eficacia en la conexi\u00f3n o velocidad de acceso a los sitios web.<\/li><li>Las interferencias, omisiones, interrupciones, virus inform\u00e1ticos, aver\u00edas telef\u00f3nicas o desconexiones en el funcionamiento operativo del sistema electr\u00f3nico por causas ajenas a NARUEMON PRATHUMTHONG.<\/li><li>La informaci\u00f3n introducida por los usuarios y terceras personas ajenos a NARUEMON PRATHUMTHONG y con los que no se mantenga ning\u00fan tipo de acuerdo ni colaboraci\u00f3n contractual.<\/li><\/ul><h3>Pol\u00edtica de enlaces y exenciones de responsabilidad<\/h3><p>NARUEMON PRATHUMTHONG no se hace responsable de p\u00e1ginas ajenas a su propiedad a las que se pueda acceder mediante los enlaces que ofrece y no proceder\u00e1 en ning\u00fan caso a examinar o ejercitar ning\u00fan tipo de control sobre las mismas, por lo que no puede garantizar su disponibilidad t\u00e9cnica, exactitud, veracidad, validez o legalidad.<\/p><p>NARUEMON PRATHUMTHONG declara haber adoptado todas las medidas necesarias para evitar a los usuarios cualquier da\u00f1o que pudiera derivarse de la navegaci\u00f3n por sus sitios Web. En consecuencia, no se hace responsable, en ning\u00fan caso, de los eventuales da\u00f1os que pudiera sufrir el usuario.<\/p><h3>Vigencia de este texto<\/h3><p>NARUEMON PRATHUMTHONG se reserva el derecho de realizar sin previo aviso las modificaciones que considere oportunas en los contenidos y condiciones de uso de los sitios web. Durante el tiempo en que estas condiciones de uso se encuentren publicadas, las modificaciones podr\u00e1n llevarse a cabo por cualquier forma admisible en derecho y, hasta que no sean modificadas por otras leyes posteriores, ser\u00e1n de obligado cumplimiento en los sitios web.<\/p><h3>Propiedad intelectual e industrial<\/h3><p>Todos los textos, im\u00e1genes, contenidos, logotipos, marcas (registradas o no) y medios y formas de presentaci\u00f3n y montaje de los sitios web son de titularidad originaria o derivada de NARUEMON PRATHUMTHONG. Consecuentemente, son obras o contenidos protegidos como propiedad intelectual o propiedad industrial por el ordenamiento jur\u00eddico espa\u00f1ol conforme al Real Decreto Legislativo 1\/1996, de 12 de abril, por el que se aprueba el texto refundido de la Ley de Propiedad intelectual, en el que se regularizan, se aclaran y armonizan las disposiciones legales vigentes sobre la materia y por la Ley 17\/2001, de 7 de diciembre, de marcas, con lo que les son tambi\u00e9n aplicables tanto la normativa espa\u00f1ola af\u00edn y comunitaria en los campos citados como los tratados internacionales relativos a la materia y suscritos por Espa\u00f1a.<\/p><p>Queda expresamente prohibida la reproducci\u00f3n, distribuci\u00f3n, comunicaci\u00f3n p\u00fablica, transformaci\u00f3n o uso, ya sea total o parcial, de los contenidos de los sitios web sin el consentimiento expreso de NARUEMON PRATHUMTHONG.<\/p><h3>Legislaci\u00f3n aplicable y jurisdicci\u00f3n<\/h3><p>NARUEMON PRATHUMTHONG se reserva la facultad de presentar las acciones civiles o penales que considere oportunas por la utilizaci\u00f3n indebida de sus p\u00e1ginas web y contenidos o por el incumplimiento de las presentes condiciones.<\/p><p>Las partes acuerdan voluntariamente que la relaci\u00f3n entre el usuario y NARUEMON PRATHUMTHONG se regir\u00e1 por la normativa espa\u00f1ola vigente, siendo los juzgados o tribunales de la localidad de Barcelona competentes para decidir sobre cualquier controversia que pudiera suscitarse entre ellos.<\/p>\t\t\t\t\t\t\t\t<\/div>\n\t\t\t\t\t<\/div>\n\t\t\t\t<\/div>\n\t\t\t\t<\/div>\n\t\t","protected":false},"excerpt":{"rendered":"<p>Aviso Legal T\u00e9rminos y condiciones de uso Introducci\u00f3n Gracias por elegir www.elmerkat.cat. Mediante el acceso a este sitio web ya las direcciones URL derivadas de www.elmerkat.cat (en adelante los \u00absitios web\u00bb), otorgue un contrato vinculante con nuestra entidad; su contrato con nosotros incluye su aceptaci\u00f3n de estos \u00abT\u00e9rminos y condiciones de uso\u00bb y de nuestra [&hellip;]<\/p>\n","protected":false},"author":1,"featured_media":0,"parent":0,"menu_order":0,"comment_status":"closed","ping_status":"closed","template":"elementor_header_footer","meta":{"footnotes":""},"class_list":["post-453","page","type-page","status-publish","hentry"],"_links":{"self":[{"href":"https:\/\/www.elmerkat.cat\/es\/wp-json\/wp\/v2\/pages\/453","targetHints":{"allow":["GET"]}}],"collection":[{"href":"https:\/\/www.elmerkat.cat\/es\/wp-json\/wp\/v2\/pages"}],"about":[{"href":"https:\/\/www.elmerkat.cat\/es\/wp-json\/wp\/v2\/types\/page"}],"author":[{"embeddable":true,"href":"https:\/\/www.elmerkat.cat\/es\/wp-json\/wp\/v2\/users\/1"}],"replies":[{"embeddable":true,"href":"https:\/\/www.elmerkat.cat\/es\/wp-json\/wp\/v2\/comments?post=453"}],"version-history":[{"count":4,"href":"https:\/\/www.elmerkat.cat\/es\/wp-json\/wp\/v2\/pages\/453\/revisions"}],"predecessor-version":[{"id":457,"href":"https:\/\/www.elmerkat.cat\/es\/wp-json\/wp\/v2\/pages\/453\/revisions\/457"}],"wp:attachment":[{"href":"https:\/\/www.elmerkat.cat\/es\/wp-json\/wp\/v2\/media?parent=453"}],"curies":[{"name":"wp","href":"https:\/\/api.w.org\/{rel}","templated":true}]}}