{"id":464,"date":"2026-01-08T17:04:20","date_gmt":"2026-01-08T16:04:20","guid":{"rendered":"https:\/\/www.elmerkat.cat\/politica-de-cookies\/"},"modified":"2026-01-14T12:05:05","modified_gmt":"2026-01-14T11:05:05","slug":"politica-de-cookies","status":"publish","type":"page","link":"https:\/\/www.elmerkat.cat\/es\/politica-de-cookies\/","title":{"rendered":"Pol\u00edtica de cookies"},"content":{"rendered":"\t\t<div data-elementor-type=\"wp-page\" data-elementor-id=\"464\" class=\"elementor elementor-464 elementor-42\" data-elementor-post-type=\"page\">\n\t\t\t\t<div class=\"elementor-element elementor-element-60a9216 e-flex e-con-boxed e-con e-parent\" data-id=\"60a9216\" data-element_type=\"container\">\n\t\t\t\t\t<div class=\"e-con-inner\">\n\t\t\t\t<div class=\"elementor-element elementor-element-4626d7f elementor-widget elementor-widget-spacer\" data-id=\"4626d7f\" data-element_type=\"widget\" data-widget_type=\"spacer.default\">\n\t\t\t\t\t\t\t<div class=\"elementor-spacer\">\n\t\t\t<div class=\"elementor-spacer-inner\"><\/div>\n\t\t<\/div>\n\t\t\t\t\t\t<\/div>\n\t\t\t\t<div class=\"elementor-element elementor-element-acb0ed7 elementor-widget elementor-widget-heading\" data-id=\"acb0ed7\" data-element_type=\"widget\" data-widget_type=\"heading.default\">\n\t\t\t\t\t<h2 class=\"elementor-heading-title elementor-size-default\">Pol\u00edtica de cookies<\/h2>\t\t\t\t<\/div>\n\t\t\t\t<div class=\"elementor-element elementor-element-46d311c elementor-widget elementor-widget-text-editor\" data-id=\"46d311c\" data-element_type=\"widget\" data-widget_type=\"text-editor.default\">\n\t\t\t\t\t\t\t\t\t<h3>\u00bfQu\u00e9 es una galleta?<\/h3><p>Una cookie es un archivo que se descarga en su ordenador al acceder el Usuario a determinadas p\u00e1ginas web. Las cookies permiten a una p\u00e1gina web, entre otras cosas, almacenar y recuperar informaci\u00f3n sobre los h\u00e1bitos de navegaci\u00f3n de un usuario o de su equipo y, dependiendo de la informaci\u00f3n que contengan y de la forma en que utilice su equipo, se pueden utilizar para reconocer al usuario.<\/p><h3>\u00bfQu\u00e9 tipos de galletas hay?<\/h3><p>Existen varios tipos de cookies en funci\u00f3n de diferentes criterios:<\/p><p><strong>En funci\u00f3n del tiempo que permanecen activados:<\/strong><\/p><p><span style=\"text-decoration: underline;\">Cookies de sesi\u00f3n:<\/span> Son un tipo de cookies dise\u00f1adas para recabar y almacenar datos mientras el usuario accede a una p\u00e1gina web.<br \/><span style=\"text-decoration: underline;\">Cookies permanentes:<\/span> Son un tipo de cookies en las que los datos siguen almacenados en el terminal y pueden ser accedidos y tratados durante un per\u00edodo definido por el responsable de la cookie.<\/p><p><strong>En funci\u00f3n de la titularidad:<\/strong><\/p><p><span style=\"text-decoration: underline;\">Cookies propias:<\/span> Son los que pertenecen a NARUEMON PRATHUMTHONG.<br \/><span style=\"text-decoration: underline;\">Cookies de terceros:<\/span> Son aquellas cuya titularidad es de un tercero, distinto de NARUEMON PRATHUMTHONG, que ser\u00e1 quien trate la informaci\u00f3n recogida.<\/p><p><strong>En funci\u00f3n de la finalidad:<\/strong><\/p><p><span style=\"text-decoration: underline;\">Cookies t\u00e9cnicas y\/o de personalizaci\u00f3n:<\/span> Son los que sirven para mejorar el servicio, localizar incidencias, reconocer al usuario, etc.<br \/><span style=\"text-decoration: underline;\">Cookies de an\u00e1lisis y\/o de publicidad:<\/span> Son aqu\u00e9llas que sirven para analizar informaci\u00f3n sobre la navegaci\u00f3n y ofrecer publicidad, sea gen\u00e9rica o personalizada.<\/p><h3><br \/>\u00bfQu\u00e9 tipos de galletas son m\u00e1s habituales?<\/h3><p><span style=\"text-decoration: underline;\"><strong>T\u00c9CNICAS:<\/strong><\/span> Son cookies PROPIAS, de sesi\u00f3n, identificaci\u00f3n, configuraci\u00f3n y registro, estrictamente necesarias para la identificaci\u00f3n del usuario y para la prestaci\u00f3n de los servicios solicitados por el usuario. La informaci\u00f3n obtenida a trav\u00e9s de las mismas es tratada \u00fanicamente por NARUEMON PRATHUMTHONG.<\/p><p><strong><span style=\"text-decoration: underline;\">DE AN\u00c1LISIS:<\/span><\/strong> Son aquellas que, bien tratadas por nosotros o por terceros, nos permiten cuantificar el nombre de usuarios y as\u00ed realizar la medici\u00f3n y el an\u00e1lisis estad\u00edstico de la utilizaci\u00f3n que realizan los usuarios del servicio ofrecido. Por eso se analiza su navegaci\u00f3n en nuestra p\u00e1gina web para mejorar la oferta de productos o servicios que le ofrecemos.<\/p><p><strong><span style=\"text-decoration: underline;\">DE PUBLICIDAD:<\/span><\/strong> Son aquellas que, bien tratadas por nosotros o por terceros, permiten la gesti\u00f3n, de la forma m\u00e1s eficaz posible, de los espacios publicitarios que se puedan incluir en nuestra p\u00e1gina web y\/o almacenen informaci\u00f3n del comportamiento de los usuarios obtenida a trav\u00e9s de la observaci\u00f3n continua. Gracias a ellas, podemos conocer los h\u00e1bitos de navegaci\u00f3n en Internet y mostrarle publicidad relacionada con su perfil de navegaci\u00f3n.<\/p><h3>\u00bfPara qu\u00e9 sirve una galleta?<\/h3><p>Las cookies se utilizan para poder ofrecer servicios y\/o publicidad personalizados, para analizar el funcionamiento del sistema, reconocerlo cuando accede como usuario, localizar incidencias y problemas que puedan surgir y resolverlos en el menor plazo posible, as\u00ed como analizar y medir el uso y actividad de la p\u00e1gina web.<\/p><h3>\u00bfEs necesario mi consentimiento para implantar una galleta?<\/h3><p>No es necesario el consentimiento para la instalaci\u00f3n de cookies t\u00e9cnicas o las que sean estrictamente necesarias para la prestaci\u00f3n de un servicio de la sociedad de la informaci\u00f3n expresamente solicitado por el destinatario.<\/p><p>Para el resto, s\u00ed es necesario el consentimiento del interesado que se puede solicitar por diferentes v\u00edas. En el caso de NARUEMON PRATHUMTHONG, se entender\u00e1 otorgado si sigue usando la p\u00e1gina web, sin perjuicio de que en cualquier momento podr\u00e1 revocarlo y desactivar las cookies.<\/p><h3>\u00bfQu\u00e9 tipos de cookies utiliza esta p\u00e1gina web?<\/h3><p>Cookies t\u00e9cnicas: Son aquellas creadas y gestionadas \u00fanicamente por nosotros, y permiten al usuario la navegaci\u00f3n a trav\u00e9s de nuestra p\u00e1gina web y la utilizaci\u00f3n de las diferentes opciones como, por ejemplo, identificar la sesi\u00f3n, personalizar informaci\u00f3n o acceder a zonas de acceso restringido<\/p><p>El sitio web de NARUEMON PRATHUMTHONG, utiliza (o puede utilizar) Google Analytics, una herramienta de anal\u00edtica web desarrollada por Google, que ayuda a los propietarios de sitios web a medir c\u00f3mo interact\u00faan los usuarios con el contenido del sitio. Para la prestaci\u00f3n de estos servicios, Google Analytics utiliza cookies que recopilen la informaci\u00f3n, incluida la direcci\u00f3n IP del usuario que ser\u00e1 transmitida, tratada y almacenada por Google en los t\u00e9rminos fijados en la web de Google.com.<\/p><p>Para m\u00e1s informaci\u00f3n vea: <a href=\"https:\/\/developers.google.com\/analytics\/devguides\/collection\/analyticsjs\/cookie-usage\" target=\"_blank\" rel=\"noopener\">https:\/\/developers.google.com\/analytics\/devguides\/collection\/analyticsjs\/cookie-usage<\/a><\/p><h3>\u00bfC\u00f3mo desactivar cookies?<\/h3><p>Puede permitir, bloquear o eliminar las cookies instaladas en su equipo mediante la configuraci\u00f3n de las opciones del navegador instalado en su ordenador.<\/p><ul class=\"accssme-widget-content\"><li class=\"accssme-widget-content\"><a class=\"accssme-widget-links accssme-widget-text\" href=\"https:\/\/support.mozilla.org\/es\/kb\/habilitar-y-deshabilitar-cookies-sitios-web-rastrear-preferencias?redirectlocale=es&amp;redirectslug=habilitar-y-deshabilitar-cookies-que-los-sitios-web\">Firefox<\/a><\/li><li class=\"accssme-widget-content\"><a class=\"accssme-widget-links accssme-widget-text\" href=\"https:\/\/support.google.com\/chrome\/answer\/95647?hl=es\">Chrome<\/a><\/li><li class=\"accssme-widget-content\"><a class=\"accssme-widget-links accssme-widget-text\" href=\"https:\/\/support.microsoft.com\/es-es\/windows\">Internet Explorer<\/a><\/li><li class=\"accssme-widget-content\"><a class=\"accssme-widget-links accssme-widget-text\" href=\"https:\/\/support.apple.com\/es-es\/guide\/safari\/sfri11471\/mac\">Safari<\/a><\/li><li class=\"accssme-widget-content\"><a class=\"accssme-widget-links accssme-widget-text\" href=\"https:\/\/support.apple.com\/es-es\/HT201265\">Safari para iOS<\/a><\/li><li class=\"accssme-widget-content\"><a class=\"accssme-widget-links accssme-widget-text\" href=\"https:\/\/help.opera.com\/en\/latest\/web-preferences\/#cookies\">Opera<\/a><\/li><\/ul>\t\t\t\t\t\t\t\t<\/div>\n\t\t\t\t\t<\/div>\n\t\t\t\t<\/div>\n\t\t\t\t<\/div>\n\t\t","protected":false},"excerpt":{"rendered":"<p>Pol\u00edtica de cookies \u00bfQu\u00e9 es una galleta? Una cookie es un archivo que se descarga en su ordenador al acceder el Usuario a determinadas p\u00e1ginas web. Las cookies permiten a una p\u00e1gina web, entre otras cosas, almacenar y recuperar informaci\u00f3n sobre los h\u00e1bitos de navegaci\u00f3n de un usuario o de su equipo y, dependiendo de [&hellip;]<\/p>\n","protected":false},"author":1,"featured_media":0,"parent":0,"menu_order":0,"comment_status":"closed","ping_status":"closed","template":"elementor_header_footer","meta":{"footnotes":""},"class_list":["post-464","page","type-page","status-publish","hentry"],"_links":{"self":[{"href":"https:\/\/www.elmerkat.cat\/es\/wp-json\/wp\/v2\/pages\/464","targetHints":{"allow":["GET"]}}],"collection":[{"href":"https:\/\/www.elmerkat.cat\/es\/wp-json\/wp\/v2\/pages"}],"about":[{"href":"https:\/\/www.elmerkat.cat\/es\/wp-json\/wp\/v2\/types\/page"}],"author":[{"embeddable":true,"href":"https:\/\/www.elmerkat.cat\/es\/wp-json\/wp\/v2\/users\/1"}],"replies":[{"embeddable":true,"href":"https:\/\/www.elmerkat.cat\/es\/wp-json\/wp\/v2\/comments?post=464"}],"version-history":[{"count":3,"href":"https:\/\/www.elmerkat.cat\/es\/wp-json\/wp\/v2\/pages\/464\/revisions"}],"predecessor-version":[{"id":467,"href":"https:\/\/www.elmerkat.cat\/es\/wp-json\/wp\/v2\/pages\/464\/revisions\/467"}],"wp:attachment":[{"href":"https:\/\/www.elmerkat.cat\/es\/wp-json\/wp\/v2\/media?parent=464"}],"curies":[{"name":"wp","href":"https:\/\/api.w.org\/{rel}","templated":true}]}}