{"id":469,"date":"2026-01-08T16:54:36","date_gmt":"2026-01-08T15:54:36","guid":{"rendered":"https:\/\/www.elmerkat.cat\/politica-de-privacitat\/"},"modified":"2026-01-14T12:09:59","modified_gmt":"2026-01-14T11:09:59","slug":"politica-de-privacidad","status":"publish","type":"page","link":"https:\/\/www.elmerkat.cat\/es\/politica-de-privacidad\/","title":{"rendered":"Pol\u00edtica de privacidad"},"content":{"rendered":"\t\t<div data-elementor-type=\"wp-page\" data-elementor-id=\"469\" class=\"elementor elementor-469 elementor-36\" data-elementor-post-type=\"page\">\n\t\t\t\t<div class=\"elementor-element elementor-element-60a9216 e-flex e-con-boxed e-con e-parent\" data-id=\"60a9216\" data-element_type=\"container\">\n\t\t\t\t\t<div class=\"e-con-inner\">\n\t\t\t\t<div class=\"elementor-element elementor-element-4626d7f elementor-widget elementor-widget-spacer\" data-id=\"4626d7f\" data-element_type=\"widget\" data-widget_type=\"spacer.default\">\n\t\t\t\t\t\t\t<div class=\"elementor-spacer\">\n\t\t\t<div class=\"elementor-spacer-inner\"><\/div>\n\t\t<\/div>\n\t\t\t\t\t\t<\/div>\n\t\t\t\t<div class=\"elementor-element elementor-element-acb0ed7 elementor-widget elementor-widget-heading\" data-id=\"acb0ed7\" data-element_type=\"widget\" data-widget_type=\"heading.default\">\n\t\t\t\t\t<h2 class=\"elementor-heading-title elementor-size-default\">Pol\u00edtica de privacidad<\/h2>\t\t\t\t<\/div>\n\t\t\t\t<div class=\"elementor-element elementor-element-46d311c elementor-widget elementor-widget-text-editor\" data-id=\"46d311c\" data-element_type=\"widget\" data-widget_type=\"text-editor.default\">\n\t\t\t\t\t\t\t\t\t<h3>Introducci\u00f3n<\/h3><p>A continuaci\u00f3n le informamos de la pol\u00edtica de privacidad de NARUEMON PRATHUMTHONG, de acuerdo con la normativa del Reglamento (UE) 2016\/679 del Parlamento Europeo y del Consejo, de 27 de abril de 2016, relativo a la protecci\u00f3n de las personas f\u00edsicas por el respecto al tratamiento de datos personales ya la libre circulaci\u00f3n de estos datos y por el que se deroga la Directiva 95\/46\/CE (Reglamento General de Protecci\u00f3n de Datos, en lo sucesivo \u00abRGPD\u00bb).<\/p><h3>Entidad responsable<\/h3><p>La persona responsable de la protecci\u00f3n de datos es quien se encarga del cumplimiento de la normativa de protecci\u00f3n de datos; entre sus funciones se encuentra la de proteger los datos personales que haya proporcionado a NARUEMON PRATHUMTHONG. Si tiene cualquier duda, consulta o petici\u00f3n sobre el tema, puede escribirle a <a href=\"mailto:puigtorra@hotmail.com\">puigtorra@hotmail.com<\/a>.<\/p><p>NARUEMON PRATHUMTHONG est\u00e1 constituida seg\u00fan la Ley 7\/1997, de 18 de junio, de asociaciones (DOG 2423, de 1 de julio) y la Ley org\u00e1nica 1\/2002, de 22 de marzo, reguladora del derecho de asociaci\u00f3n (BOE n\u00fam. 73, de 26 de marzo) y sus estatutos.<\/p><p>Los sitios web y direcciones URL derivadas de <a href=\"http:\/\/www.elmerkat.cat\" target=\"_blank\" rel=\"noopener\">www.elmerkat.cat<\/a> (en adelante \u00absitios web\u00bb) son responsabilidad de NARUEMON PRATHUMTHONG, y la informaci\u00f3n que se pueda recabar se incorporar\u00e1 en sus sistemas de tratamiento.<\/p><h3>Persona responsable<\/h3><p>La persona responsable de la protecci\u00f3n de datos es quien se encarga del cumplimiento de la normativa de protecci\u00f3n de datos; entre sus funciones se encuentra la de proteger los datos personales que haya proporcionado a NARUEMON PRATHUMTHONG. Si tiene cualquier duda, consulta o petici\u00f3n sobre el tema, puede escribirle a <a href=\"mailto:puigtorra@hotmail.com\">puigtorra@hotmail.com<\/a>.<\/p><h3>Limitaci\u00f3n de responsabilidad<\/h3><p>NARUEMON PRATHUMTHONG es responsable \u00fanicamente de la informaci\u00f3n que obtiene con previa solicitud de los usuarios de sus sitios web, y no de ninguna otra informaci\u00f3n personal que de forma eventual \u00e9stos pudieran ceder, transmitir o facilitar mediante cualquier otro mecanismo.<\/p><h3>Transparencia<\/h3><p>Desde NARUEMON PRATHUMTHONG intentamos proporcionar a los interesados una informaci\u00f3n transparente y concisa, en un lenguaje claro y sencillo, en lo que se refiere tanto a las condiciones del tratamiento de sus datos como a las respuestas al ejercicio de sus derechos.<\/p><h3>Tratamiento y conservaci\u00f3n de los datos personales<\/h3><p>El objetivo de NARUEMON PRATHUMTHONG es que el cliente quede satisfecho en todos los servicios que le ponemos a su alcance, por tanto, los datos personales que los usuarios proporcionen a los sitios web se utilizar\u00e1n exclusivamente para hacerles llegar informaci\u00f3n sobre los servicios que ofrece NARUEMON PRATHUMTHONG.<\/p><p>La base que ampara los tratamientos indicados es la existencia de un inter\u00e9s leg\u00edtimo: se considera que, como interesados en los servicios de NARUEMON PRATHUMTHONG, los usuarios dan su consentimiento con respecto al citado tratamiento de sus datos personales y el uso de cookies en los sitios Web.<\/p><p>Esto implica que:<\/p><ul><li>Los datos ser\u00e1n conservados mientras perdure el consentimiento de los usuarios, salvo en aquellos casos en los que NARUEMON PRATHUMTHONG est\u00e9 obligada legalmente a conservarlos.<\/li><li>De acuerdo con los derechos que les confiere la normativa vigente en protecci\u00f3n de datos, los usuarios podr\u00e1n dirigirse a la autoridad de control competente para presentar la reclamaci\u00f3n que consideren oportuna, as\u00ed como para ejercitar los derechos de Acceso, Rectificaci\u00f3n, Cancelaci\u00f3n y Oposici\u00f3n (ARCO) en lo que se refiere al tratamiento de sus datos de car\u00e1cter personal. Cuando un usuario comunique a NARUEMON PRATHUMTHONG que desea dejar de aparecer en sus ficheros, se eliminar\u00e1n todos sus datos que no sean estrictamente necesarios para completar las gestiones administrativas y acad\u00e9micas de los cursos de NARUEMON PRATHUMTHONG a los que se haya inscrito.<\/li><li>Todos los datos se guardan en los servidores de NARUEMON PRATHUMTHONG o contratados por \u00e9sta, en territorio espa\u00f1ol.<\/li><li>El mero acceso a los sitios web, as\u00ed como a cualquiera de sus contenidos y servicios, implica la aceptaci\u00f3n sin reservas de la presente pol\u00edtica de privacidad, tambi\u00e9n aplicable previamente a la posible contrataci\u00f3n de los servicios que NARUEMON PRATHUMTHONG ponga a disposici\u00f3n de los usuarios. Por tanto, es obligatorio aceptar y cumplir esta pol\u00edtica de privacidad antes de acceder a los sitios web o contratar un servicio de NARUEMON PRATHUMTHONG.<\/li><li>El usuario acepta que la navegaci\u00f3n por los sitios web comporta la recogida y tratamiento de sus datos en los archivos de NARUEMON PRATHUMTHONG. Para que el usuario sea consciente de cu\u00e1l ser\u00e1 la informaci\u00f3n recopilada, c\u00f3mo ser\u00e1 tratada y en qu\u00e9 circunstancias se comunicar\u00e1, NARUEMON PRATHUMTHONG se compromete a actualizar en esta p\u00e1gina los cambios que se efect\u00faen en la pol\u00edtica de privacidad, as\u00ed como a anunciarlo en cualquier otro lugar que considere apropiado.<\/li><\/ul><h3>Comunicaci\u00f3n a terceros<\/h3><p>NARUEMON PRATHUMTHONG no ceder\u00e1 los datos personales del usuario a terceros, salvo por obligaci\u00f3n legal o requerimiento judicial.<\/p><h3>Informaci\u00f3n sobre derechos de los interesados y seguridad de la informaci\u00f3n<\/h3><p>De acuerdo con lo establecido por el art\u00edculo 32 del Reglamento (UE) 2016\/679 del Parlamento Europeo y del Consejo, de 27 de abril de 2016, relativo a la protecci\u00f3n de las personas f\u00edsicas en lo que se refiere al tratamiento de datos personales ya la libre circulaci\u00f3n de estos datos y por el que se deroga la Directiva 95\/46\/CE (Reglamento general de protecci\u00f3n de datos), NARUEMON PRATHUMTHONG se compromete a adoptar las medidas t\u00e9cnicas y organizativas necesarias para garantizar la integridad, confidencialidad y disponibilidad de los datos del usuario teniendo en cuenta los riesgos que acompa\u00f1an a su tratamiento.<\/p><p>Adem\u00e1s, en caso de que el usuario introduzca datos en los formularios de los sitios web de terceros, ser\u00e1n estos \u00faltimos, y no NARUEMON PRATHUMTHONG, los responsables de los datos de car\u00e1cter personal y los que tendr\u00e1n que adoptar las medidas t\u00e9cnicas descritas en el p\u00e1rrafo anterior.<\/p><h3>Derechos ARCO<\/h3><p>De acuerdo con el cap\u00edtulo 3 del RGPD, todas las personas pueden ejercer los derechos de Acceso, Rectificaci\u00f3n, Cancelaci\u00f3n y Oposici\u00f3n (ARCO) con relaci\u00f3n a sus datos personales, de modo que todas las entidades est\u00e1n obligadas a garantizarlo su cumplimiento. As\u00ed, respecto a NARUEMON PRATHUMTHONG, a trav\u00e9s del canal de atenci\u00f3n <a href=\"mailto:puigtorra@hotmail.com\">puigtorra@hotmail.com<\/a> el usuario puede ejercitar cualquiera de los siguientes derechos (clique encima para descargar el modelo de solicitud):<\/p><ul><li>Derecho de Acceso: puede consultar sus datos personales incluidos en nuestros ficheros.<\/li><li>Derecho de Rectificaci\u00f3n: puede pedirnos que modifiquemos sus datos personales si son inexactos.<\/li><li>Derecho de Cancelaci\u00f3n o supresi\u00f3n: puede pedirnos que eliminemos sus datos personales de nuestros ficheros.<\/li><li>Derecho de Oposici\u00f3n: puede oponerse al tratamiento de sus datos personales por parte de NARUEMON PRATHUMTHONG, siempre que haya un motivo leg\u00edtimo y fundamentado para hacerlo.<\/li><\/ul><p>El usuario garantiza que los datos proporcionados son verdaderos, exactos, completos y actualizados y es responsable de cualquier da\u00f1o o perjuicio, directo o indirecto, que pudiera ocasionarse como consecuencia del incumplimiento de esta obligaci\u00f3n tanto en NARUEMON PRATHUMTHONG como en terceros.<\/p><h3>Consentimiento para el cumplimiento de la LSSI-CE<\/h3><p>En cumplimiento de la Ley 34\/2002, de 11 de julio, de servicios de la sociedad de la informaci\u00f3n y de comercio electr\u00f3nico (LSSI-CE), NARUEMON PRATHUMTHONG solicitar\u00e1 al usuario su consentimiento expreso (y \u00e9ste, si as\u00ed lo desea, se lo prestar\u00e1) para poder hacer uso de sus datos con el fin de enviarle informaci\u00f3n sobre el sitio web y diferentes ofertas y promociones relacionadas.<\/p><p>Dentro de cada comunicaci\u00f3n comercial de NARUEMON PRATHUMTHONG se facilitar\u00e1 al usuario un enlace que le permitir\u00e1 revocar en cualquier momento su consentimiento para recibirlas.<\/p><p>Con el objetivo de garantizar la seguridad y confidencialidad de los datos personales del usuario, NARUEMON PRATHUMTHONG ha adoptado los niveles de seguridad requeridos por la normativa en protecci\u00f3n de datos personales y ha instalado los medios t\u00e9cnicos a su alcance para evitar la p\u00e9rdida , mal uso, alteraci\u00f3n, acceso no autorizado y robo de los datos personales facilitados.<\/p>\t\t\t\t\t\t\t\t<\/div>\n\t\t\t\t\t<\/div>\n\t\t\t\t<\/div>\n\t\t\t\t<\/div>\n\t\t","protected":false},"excerpt":{"rendered":"<p>Pol\u00edtica de privacidad Introducci\u00f3n A continuaci\u00f3n le informamos de la pol\u00edtica de privacidad de NARUEMON PRATHUMTHONG, de acuerdo con la normativa del Reglamento (UE) 2016\/679 del Parlamento Europeo y del Consejo, de 27 de abril de 2016, relativo a la protecci\u00f3n de las personas f\u00edsicas por el respecto al tratamiento de datos personales ya la [&hellip;]<\/p>\n","protected":false},"author":1,"featured_media":0,"parent":0,"menu_order":0,"comment_status":"closed","ping_status":"closed","template":"elementor_header_footer","meta":{"footnotes":""},"class_list":["post-469","page","type-page","status-publish","hentry"],"_links":{"self":[{"href":"https:\/\/www.elmerkat.cat\/es\/wp-json\/wp\/v2\/pages\/469","targetHints":{"allow":["GET"]}}],"collection":[{"href":"https:\/\/www.elmerkat.cat\/es\/wp-json\/wp\/v2\/pages"}],"about":[{"href":"https:\/\/www.elmerkat.cat\/es\/wp-json\/wp\/v2\/types\/page"}],"author":[{"embeddable":true,"href":"https:\/\/www.elmerkat.cat\/es\/wp-json\/wp\/v2\/users\/1"}],"replies":[{"embeddable":true,"href":"https:\/\/www.elmerkat.cat\/es\/wp-json\/wp\/v2\/comments?post=469"}],"version-history":[{"count":4,"href":"https:\/\/www.elmerkat.cat\/es\/wp-json\/wp\/v2\/pages\/469\/revisions"}],"predecessor-version":[{"id":473,"href":"https:\/\/www.elmerkat.cat\/es\/wp-json\/wp\/v2\/pages\/469\/revisions\/473"}],"wp:attachment":[{"href":"https:\/\/www.elmerkat.cat\/es\/wp-json\/wp\/v2\/media?parent=469"}],"curies":[{"name":"wp","href":"https:\/\/api.w.org\/{rel}","templated":true}]}}